{"id":1684,"date":"2019-06-11T09:50:44","date_gmt":"2019-06-11T07:50:44","guid":{"rendered":"https:\/\/gitesvaldargent.com\/index.php\/santorini\/"},"modified":"2025-09-19T01:28:27","modified_gmt":"2025-09-18T23:28:27","slug":"farm1-de","status":"publish","type":"page","link":"https:\/\/www.gitesvaldargent.com\/index.php\/farm1-de\/?lang=de","title":{"rendered":"Willkommen auf unserer Farm"},"content":{"rendered":"\n<h1 class=\"wp-block-heading\"><a class=\"semi-transparent-button\" href=\"#\"><strong>WILLKOMMEN<\/strong><\/a><\/h1>\n\n<p><a class=\"semi-transparent-button\" href=\"#\"><strong>Naturliebhaber und Ruhesuchende, willkommen auf unserem idyllischen Bauernhof, wo wir mit unseren Pferden auf einem 8 Hektar gro\u00dfen Privatgrundst\u00fcck in 550 m H\u00f6he leben.<\/strong><\/a><\/p>\n\n<!--more PLUS-->\n\n<div class=\"wp-block-getwid-section alignfull alignfull getwid-margin-top-none getwid-margin-bottom-none\"><div class=\"wp-block-getwid-section__wrapper getwid-padding-top-none getwid-padding-bottom-none getwid-padding-left-medium getwid-padding-right-medium getwid-padding-mobile-left-small getwid-padding-mobile-right-small\"><div class=\"wp-block-getwid-section__inner-wrapper\"><div class=\"wp-block-getwid-section__background-holder\"><div class=\"wp-block-getwid-section__background\"><\/div><div class=\"wp-block-getwid-section__foreground\"><\/div><\/div><div class=\"wp-block-getwid-section__content\"><div class=\"wp-block-getwid-section__inner-content\">\n<div class=\"wp-block-columns has-2-columns is-layout-flex wp-container-3 wp-block-columns-is-layout-flex\">\n<div class=\"wp-block-column is-layout-flow wp-block-column-is-layout-flow\">\n<div class=\"wp-block-getwid-advanced-heading is-style-style-1 has-custom-font-size\" style=\"font-size: 12px; margin-bottom: 0px;\">\r\n<p class=\"wp-block-getwid-advanced-heading__content\" style=\"letter-spacing: 0.1em;\"><\/p>\r\n\r\n<\/div>\n\n\n\n<div class=\"wp-block-getwid-advanced-heading is-style-default\">\r\n<h2 class=\"wp-block-getwid-advanced-heading__content\">Willkommen bei Petra<\/h2>\r\n<\/div>\n<\/div>\n\n\n\n<div class=\"wp-block-column is-layout-flow wp-block-column-is-layout-flow\">\n<p>Naturliebhaber und Ruhesuchende, willkommen auf unserem idyllischen Bauernhof, wo wir mit unseren Pferden auf einem 8 Hektar gro\u00dfen Privatgrundst\u00fcck in 550 m H\u00f6he leben, nur 10 Gehminuten von der Stadt Sainte-Marie-Aux-Mines mit ihren Gesch\u00e4ften und ausgezeichneten Restaurants mit hoher Qualit\u00e4t und g\u00fcnstigen Preisen entfernt.<\/p>\n\n\n\n<p>Sie k\u00f6nnen die K\u00fche von Fr\u00fchling bis Herbst auf den umliegenden Wiesen beim Grasen beobachten und an manchen Tagen auch Wildtiere wie Hirsche und andere Tiere sehen.<\/p>\n<\/div>\n<\/div>\n<\/div><\/div><\/div><\/div><\/div>\n\n<div class=\"wp-block-getwid-section alignfull alignfull getwid-margin-top-none getwid-margin-bottom-none\"><div class=\"wp-block-getwid-section__wrapper getwid-padding-top-normal getwid-padding-bottom-normal getwid-padding-left-medium getwid-padding-right-medium getwid-padding-mobile-left-small getwid-padding-mobile-right-small\"><div class=\"wp-block-getwid-section__inner-wrapper\"><div class=\"wp-block-getwid-section__background-holder\"><div class=\"wp-block-getwid-section__background\"><\/div><div class=\"wp-block-getwid-section__foreground\"><\/div><\/div><div class=\"wp-block-getwid-section__content\"><div class=\"wp-block-getwid-section__inner-content\">\n<div class=\"wp-block-columns has-2-columns is-layout-flex wp-container-6 wp-block-columns-is-layout-flex\">\n<div class=\"wp-block-column is-layout-flow wp-block-column-is-layout-flow\"><div class=\"wp-block-image\">\n<figure class=\"aligncenter size-large is-resized\"><img decoding=\"async\" loading=\"lazy\" width=\"768\" height=\"1024\" src=\"https:\/\/www.gitesvaldargent.com\/wp-content\/uploads\/2025\/05\/pdj_view_summer_01-01-768x1024.jpg\" alt=\"\" class=\"wp-image-4193\" style=\"aspect-ratio:0.75;width:298px;height:auto\" srcset=\"https:\/\/www.gitesvaldargent.com\/wp-content\/uploads\/2025\/05\/pdj_view_summer_01-01-768x1024.jpg 768w, https:\/\/www.gitesvaldargent.com\/wp-content\/uploads\/2025\/05\/pdj_view_summer_01-01-225x300.jpg 225w, https:\/\/www.gitesvaldargent.com\/wp-content\/uploads\/2025\/05\/pdj_view_summer_01-01-1152x1536.jpg 1152w, https:\/\/www.gitesvaldargent.com\/wp-content\/uploads\/2025\/05\/pdj_view_summer_01-01-1536x2048.jpg 1536w, https:\/\/www.gitesvaldargent.com\/wp-content\/uploads\/2025\/05\/pdj_view_summer_01-01-1170x1560.jpg 1170w, https:\/\/www.gitesvaldargent.com\/wp-content\/uploads\/2025\/05\/pdj_view_summer_01-01-scaled.jpg 1920w\" sizes=\"(max-width: 768px) 100vw, 768px\" \/><\/figure><\/div><\/div>\n\n\n\n<div class=\"wp-block-column is-layout-flow wp-block-column-is-layout-flow\">\n<figure class=\"wp-block-image size-large\"><img decoding=\"async\" loading=\"lazy\" width=\"1024\" height=\"768\" src=\"https:\/\/www.gitesvaldargent.com\/wp-content\/uploads\/2025\/05\/pdj_farm_01-01-1024x768.jpg\" alt=\"\" class=\"wp-image-4173\" srcset=\"https:\/\/www.gitesvaldargent.com\/wp-content\/uploads\/2025\/05\/pdj_farm_01-01-1024x768.jpg 1024w, https:\/\/www.gitesvaldargent.com\/wp-content\/uploads\/2025\/05\/pdj_farm_01-01-300x225.jpg 300w, https:\/\/www.gitesvaldargent.com\/wp-content\/uploads\/2025\/05\/pdj_farm_01-01-768x576.jpg 768w, https:\/\/www.gitesvaldargent.com\/wp-content\/uploads\/2025\/05\/pdj_farm_01-01-1536x1152.jpg 1536w, https:\/\/www.gitesvaldargent.com\/wp-content\/uploads\/2025\/05\/pdj_farm_01-01-2048x1536.jpg 2048w, https:\/\/www.gitesvaldargent.com\/wp-content\/uploads\/2025\/05\/pdj_farm_01-01-1170x878.jpg 1170w\" sizes=\"(max-width: 1024px) 100vw, 1024px\" \/><\/figure>\n<\/div>\n<\/div>\n<\/div><\/div><\/div><\/div><\/div>\n\n<p><\/p>\n\n<div class=\"wp-block-getwid-section alignfull alignfull getwid-margin-top-none getwid-margin-bottom-none\"><div class=\"wp-block-getwid-section__wrapper getwid-padding-top-normal getwid-padding-bottom-normal getwid-padding-left-medium getwid-padding-right-medium getwid-padding-mobile-left-small getwid-padding-mobile-right-small\"><div class=\"wp-block-getwid-section__inner-wrapper\"><div class=\"wp-block-getwid-section__background-holder\"><div class=\"wp-block-getwid-section__background\"><\/div><div class=\"wp-block-getwid-section__foreground\"><\/div><\/div><div class=\"wp-block-getwid-section__content\"><div class=\"wp-block-getwid-section__inner-content\">\n<div class=\"wp-block-columns has-2-columns is-layout-flex wp-container-9 wp-block-columns-is-layout-flex\">\n<div class=\"wp-block-column is-layout-flow wp-block-column-is-layout-flow\">\n<div class=\"wp-block-getwid-images-stack is-layout-zeta\">\r\n<div class=\"wp-block-getwid-images-stack__wrapper\">\r\n<div class=\"wp-block-getwid-images-stack__chunk\">\r\n<div class=\"wp-block-getwid-images-stack__media-wrapper\">\r\n<div class=\"wp-block-getwid-images-stack__media-inner-wrapper\"><img decoding=\"async\" loading=\"lazy\" width=\"2048\" height=\"1536\" class=\"wp-block-getwid-images-stack__media wp-image-4145\" src=\"https:\/\/www.gitesvaldargent.com\/wp-content\/uploads\/2025\/05\/pdj_suite46_bedroom_02-01.jpg\" data-id=\"4145\" data-link=\"https:\/\/www.gitesvaldargent.com\/pdj_suite46_bedroom_02-01\/\" srcset=\"https:\/\/www.gitesvaldargent.com\/wp-content\/uploads\/2025\/05\/pdj_suite46_bedroom_02-01.jpg 2048w, https:\/\/www.gitesvaldargent.com\/wp-content\/uploads\/2025\/05\/pdj_suite46_bedroom_02-01-300x225.jpg 300w, https:\/\/www.gitesvaldargent.com\/wp-content\/uploads\/2025\/05\/pdj_suite46_bedroom_02-01-1024x768.jpg 1024w, https:\/\/www.gitesvaldargent.com\/wp-content\/uploads\/2025\/05\/pdj_suite46_bedroom_02-01-768x576.jpg 768w, https:\/\/www.gitesvaldargent.com\/wp-content\/uploads\/2025\/05\/pdj_suite46_bedroom_02-01-1536x1152.jpg 1536w, https:\/\/www.gitesvaldargent.com\/wp-content\/uploads\/2025\/05\/pdj_suite46_bedroom_02-01-1170x878.jpg 1170w\" sizes=\"(max-width: 2048px) 100vw, 2048px\" \/><\/div><br><\/div><br><div class=\"wp-block-getwid-images-stack__media-wrapper\">\r\n<div class=\"wp-block-getwid-images-stack__media-inner-wrapper\"><img decoding=\"async\" loading=\"lazy\" width=\"2048\" height=\"1536\" class=\"wp-block-getwid-images-stack__media wp-image-4137\" src=\"https:\/\/www.gitesvaldargent.com\/wp-content\/uploads\/2025\/05\/pdj_suite46_mainroom_01-04.jpg\" data-id=\"4137\" data-link=\"https:\/\/www.gitesvaldargent.com\/pdj_suite46_mainroom_01-04\/\" srcset=\"https:\/\/www.gitesvaldargent.com\/wp-content\/uploads\/2025\/05\/pdj_suite46_mainroom_01-04.jpg 2048w, https:\/\/www.gitesvaldargent.com\/wp-content\/uploads\/2025\/05\/pdj_suite46_mainroom_01-04-300x225.jpg 300w, https:\/\/www.gitesvaldargent.com\/wp-content\/uploads\/2025\/05\/pdj_suite46_mainroom_01-04-1024x768.jpg 1024w, https:\/\/www.gitesvaldargent.com\/wp-content\/uploads\/2025\/05\/pdj_suite46_mainroom_01-04-768x576.jpg 768w, https:\/\/www.gitesvaldargent.com\/wp-content\/uploads\/2025\/05\/pdj_suite46_mainroom_01-04-1536x1152.jpg 1536w, https:\/\/www.gitesvaldargent.com\/wp-content\/uploads\/2025\/05\/pdj_suite46_mainroom_01-04-1170x878.jpg 1170w\" sizes=\"(max-width: 2048px) 100vw, 2048px\" \/><\/div><br><\/div><br><div class=\"wp-block-getwid-images-stack__media-wrapper\">\r\n<div class=\"wp-block-getwid-images-stack__media-inner-wrapper\"><img decoding=\"async\" loading=\"lazy\" width=\"2048\" height=\"1536\" class=\"wp-block-getwid-images-stack__media wp-image-4125\" src=\"https:\/\/www.gitesvaldargent.com\/wp-content\/uploads\/2025\/05\/pdj_suite46_mainroom_01-05.jpg\" data-id=\"4125\" data-link=\"https:\/\/www.gitesvaldargent.com\/pdj_suite46_mainroom_01-05\/\" srcset=\"https:\/\/www.gitesvaldargent.com\/wp-content\/uploads\/2025\/05\/pdj_suite46_mainroom_01-05.jpg 2048w, https:\/\/www.gitesvaldargent.com\/wp-content\/uploads\/2025\/05\/pdj_suite46_mainroom_01-05-300x225.jpg 300w, https:\/\/www.gitesvaldargent.com\/wp-content\/uploads\/2025\/05\/pdj_suite46_mainroom_01-05-1024x768.jpg 1024w, https:\/\/www.gitesvaldargent.com\/wp-content\/uploads\/2025\/05\/pdj_suite46_mainroom_01-05-768x576.jpg 768w, https:\/\/www.gitesvaldargent.com\/wp-content\/uploads\/2025\/05\/pdj_suite46_mainroom_01-05-1536x1152.jpg 1536w, https:\/\/www.gitesvaldargent.com\/wp-content\/uploads\/2025\/05\/pdj_suite46_mainroom_01-05-1170x878.jpg 1170w\" sizes=\"(max-width: 2048px) 100vw, 2048px\" \/><\/div><br><\/div><br><\/div><br><div class=\"wp-block-getwid-images-stack__chunk\">\r\n<div class=\"wp-block-getwid-images-stack__media-wrapper\">\r\n<div class=\"wp-block-getwid-images-stack__media-inner-wrapper\"><img decoding=\"async\" loading=\"lazy\" width=\"2048\" height=\"1536\" class=\"wp-block-getwid-images-stack__media wp-image-4085\" src=\"https:\/\/www.gitesvaldargent.com\/wp-content\/uploads\/2025\/05\/pdj_suite68_mainroom_01-01.jpg\" data-id=\"4085\" data-link=\"https:\/\/www.gitesvaldargent.com\/pdj_suite68_mainroom_01-01\/\" srcset=\"https:\/\/www.gitesvaldargent.com\/wp-content\/uploads\/2025\/05\/pdj_suite68_mainroom_01-01.jpg 2048w, https:\/\/www.gitesvaldargent.com\/wp-content\/uploads\/2025\/05\/pdj_suite68_mainroom_01-01-300x225.jpg 300w, https:\/\/www.gitesvaldargent.com\/wp-content\/uploads\/2025\/05\/pdj_suite68_mainroom_01-01-1024x768.jpg 1024w, https:\/\/www.gitesvaldargent.com\/wp-content\/uploads\/2025\/05\/pdj_suite68_mainroom_01-01-768x576.jpg 768w, https:\/\/www.gitesvaldargent.com\/wp-content\/uploads\/2025\/05\/pdj_suite68_mainroom_01-01-1536x1152.jpg 1536w, https:\/\/www.gitesvaldargent.com\/wp-content\/uploads\/2025\/05\/pdj_suite68_mainroom_01-01-1170x878.jpg 1170w\" sizes=\"(max-width: 2048px) 100vw, 2048px\" \/><\/div><br><\/div><br><div class=\"wp-block-getwid-images-stack__media-wrapper\">\r\n<div class=\"wp-block-getwid-images-stack__media-inner-wrapper\"><img decoding=\"async\" loading=\"lazy\" width=\"2048\" height=\"1536\" class=\"wp-block-getwid-images-stack__media wp-image-4105\" src=\"https:\/\/www.gitesvaldargent.com\/wp-content\/uploads\/2025\/05\/pdj_suite68_bedroom_03-01.jpg\" data-id=\"4105\" data-link=\"https:\/\/www.gitesvaldargent.com\/pdj_suite68_bedroom_03-01\/\" srcset=\"https:\/\/www.gitesvaldargent.com\/wp-content\/uploads\/2025\/05\/pdj_suite68_bedroom_03-01.jpg 2048w, https:\/\/www.gitesvaldargent.com\/wp-content\/uploads\/2025\/05\/pdj_suite68_bedroom_03-01-300x225.jpg 300w, https:\/\/www.gitesvaldargent.com\/wp-content\/uploads\/2025\/05\/pdj_suite68_bedroom_03-01-1024x768.jpg 1024w, https:\/\/www.gitesvaldargent.com\/wp-content\/uploads\/2025\/05\/pdj_suite68_bedroom_03-01-768x576.jpg 768w, https:\/\/www.gitesvaldargent.com\/wp-content\/uploads\/2025\/05\/pdj_suite68_bedroom_03-01-1536x1152.jpg 1536w, https:\/\/www.gitesvaldargent.com\/wp-content\/uploads\/2025\/05\/pdj_suite68_bedroom_03-01-1170x878.jpg 1170w\" sizes=\"(max-width: 2048px) 100vw, 2048px\" \/><\/div><br><\/div><br><\/div><br><\/div><br><\/div>\n<\/div>\n\n\n\n<div class=\"wp-block-column is-layout-flow wp-block-column-is-layout-flow\">\n<div class=\"wp-block-getwid-images-stack\">\r\n<div class=\"wp-block-getwid-images-stack__wrapper\">\r\n<div class=\"wp-block-getwid-images-stack__chunk\">\r\n<div class=\"wp-block-getwid-images-stack__media-wrapper\">\r\n<div class=\"wp-block-getwid-images-stack__media-inner-wrapper\"><img decoding=\"async\" loading=\"lazy\" width=\"1200\" height=\"1600\" class=\"wp-block-getwid-images-stack__media wp-image-4149\" src=\"https:\/\/www.gitesvaldargent.com\/wp-content\/uploads\/2025\/05\/pdj_suite46_outdoor_01-01.jpg\" data-id=\"4149\" data-link=\"https:\/\/www.gitesvaldargent.com\/pdj_suite46_outdoor_01-01\/\" srcset=\"https:\/\/www.gitesvaldargent.com\/wp-content\/uploads\/2025\/05\/pdj_suite46_outdoor_01-01.jpg 1200w, https:\/\/www.gitesvaldargent.com\/wp-content\/uploads\/2025\/05\/pdj_suite46_outdoor_01-01-225x300.jpg 225w, https:\/\/www.gitesvaldargent.com\/wp-content\/uploads\/2025\/05\/pdj_suite46_outdoor_01-01-768x1024.jpg 768w, https:\/\/www.gitesvaldargent.com\/wp-content\/uploads\/2025\/05\/pdj_suite46_outdoor_01-01-1152x1536.jpg 1152w, https:\/\/www.gitesvaldargent.com\/wp-content\/uploads\/2025\/05\/pdj_suite46_outdoor_01-01-1170x1560.jpg 1170w\" sizes=\"(max-width: 1200px) 100vw, 1200px\" \/><\/div><br><\/div><br><div class=\"wp-block-getwid-images-stack__media-wrapper\">\r\n<div class=\"wp-block-getwid-images-stack__media-inner-wrapper\"><img decoding=\"async\" loading=\"lazy\" width=\"2048\" height=\"1536\" class=\"wp-block-getwid-images-stack__media wp-image-4165\" src=\"https:\/\/www.gitesvaldargent.com\/wp-content\/uploads\/2025\/05\/pdj_whirlpool_01-01.jpg\" data-id=\"4165\" data-link=\"https:\/\/www.gitesvaldargent.com\/pdj_whirlpool_01-01\/\" srcset=\"https:\/\/www.gitesvaldargent.com\/wp-content\/uploads\/2025\/05\/pdj_whirlpool_01-01.jpg 2048w, https:\/\/www.gitesvaldargent.com\/wp-content\/uploads\/2025\/05\/pdj_whirlpool_01-01-300x225.jpg 300w, https:\/\/www.gitesvaldargent.com\/wp-content\/uploads\/2025\/05\/pdj_whirlpool_01-01-1024x768.jpg 1024w, https:\/\/www.gitesvaldargent.com\/wp-content\/uploads\/2025\/05\/pdj_whirlpool_01-01-768x576.jpg 768w, https:\/\/www.gitesvaldargent.com\/wp-content\/uploads\/2025\/05\/pdj_whirlpool_01-01-1536x1152.jpg 1536w, https:\/\/www.gitesvaldargent.com\/wp-content\/uploads\/2025\/05\/pdj_whirlpool_01-01-1170x878.jpg 1170w\" sizes=\"(max-width: 2048px) 100vw, 2048px\" \/><\/div><br><\/div><br><div class=\"wp-block-getwid-images-stack__media-wrapper\">\r\n<div class=\"wp-block-getwid-images-stack__media-inner-wrapper\"><img decoding=\"async\" loading=\"lazy\" width=\"2048\" height=\"1536\" class=\"wp-block-getwid-images-stack__media wp-image-4157\" src=\"https:\/\/www.gitesvaldargent.com\/wp-content\/uploads\/2025\/05\/pdj_sauna_01-01.jpg\" data-id=\"4157\" data-link=\"https:\/\/www.gitesvaldargent.com\/pdj_sauna_01-01\/\" srcset=\"https:\/\/www.gitesvaldargent.com\/wp-content\/uploads\/2025\/05\/pdj_sauna_01-01.jpg 2048w, https:\/\/www.gitesvaldargent.com\/wp-content\/uploads\/2025\/05\/pdj_sauna_01-01-300x225.jpg 300w, https:\/\/www.gitesvaldargent.com\/wp-content\/uploads\/2025\/05\/pdj_sauna_01-01-1024x768.jpg 1024w, https:\/\/www.gitesvaldargent.com\/wp-content\/uploads\/2025\/05\/pdj_sauna_01-01-768x576.jpg 768w, https:\/\/www.gitesvaldargent.com\/wp-content\/uploads\/2025\/05\/pdj_sauna_01-01-1536x1152.jpg 1536w, https:\/\/www.gitesvaldargent.com\/wp-content\/uploads\/2025\/05\/pdj_sauna_01-01-1170x878.jpg 1170w\" sizes=\"(max-width: 2048px) 100vw, 2048px\" \/><\/div><br><\/div><br><\/div><br><div class=\"wp-block-getwid-images-stack__chunk\">\r\n<div class=\"wp-block-getwid-images-stack__media-wrapper\">\r\n<div class=\"wp-block-getwid-images-stack__media-inner-wrapper\"><img decoding=\"async\" loading=\"lazy\" width=\"1536\" height=\"2048\" class=\"wp-block-getwid-images-stack__media wp-image-4169\" src=\"https:\/\/www.gitesvaldargent.com\/wp-content\/uploads\/2025\/05\/pdj_sauna_01-03.jpg\" data-id=\"4169\" data-link=\"https:\/\/www.gitesvaldargent.com\/pdj_sauna_01-03\/\" srcset=\"https:\/\/www.gitesvaldargent.com\/wp-content\/uploads\/2025\/05\/pdj_sauna_01-03.jpg 1536w, https:\/\/www.gitesvaldargent.com\/wp-content\/uploads\/2025\/05\/pdj_sauna_01-03-225x300.jpg 225w, https:\/\/www.gitesvaldargent.com\/wp-content\/uploads\/2025\/05\/pdj_sauna_01-03-768x1024.jpg 768w, https:\/\/www.gitesvaldargent.com\/wp-content\/uploads\/2025\/05\/pdj_sauna_01-03-1152x1536.jpg 1152w, https:\/\/www.gitesvaldargent.com\/wp-content\/uploads\/2025\/05\/pdj_sauna_01-03-1170x1560.jpg 1170w\" sizes=\"(max-width: 1536px) 100vw, 1536px\" \/><\/div><br><\/div><br><\/div><br><\/div><br><\/div>\n<\/div>\n<\/div>\n<\/div><\/div><\/div><\/div><\/div>\n\n<p><\/p>\n\n<div class=\"wp-block-getwid-section alignfull alignfull getwid-margin-top-none getwid-margin-bottom-none\"><div class=\"wp-block-getwid-section__wrapper getwid-padding-top-none getwid-padding-bottom-none getwid-padding-left-medium getwid-padding-right-medium getwid-padding-mobile-left-small getwid-padding-mobile-right-small\"><div class=\"wp-block-getwid-section__inner-wrapper\"><div class=\"wp-block-getwid-section__background-holder\"><div class=\"wp-block-getwid-section__background\"><\/div><div class=\"wp-block-getwid-section__foreground\"><\/div><\/div><div class=\"wp-block-getwid-section__content\"><div class=\"wp-block-getwid-section__inner-content\">\n<div class=\"wp-block-columns has-2-columns is-layout-flex wp-container-12 wp-block-columns-is-layout-flex\">\n<div class=\"wp-block-column is-layout-flow wp-block-column-is-layout-flow\">\n<div class=\"wp-block-getwid-advanced-heading is-style-style-1 has-custom-font-size\" style=\"font-size: 12px; margin-bottom: 0px;\">\r\n<p class=\"wp-block-getwid-advanced-heading__content\" style=\"text-transform: uppercase; letter-spacing: 0.1em;\"><\/p>\r\n\r\n<\/div>\n\n\n\n<div class=\"wp-block-getwid-advanced-heading is-style-default\" style=\"margin-top: 10px;\">\r\n<h2 class=\"wp-block-getwid-advanced-heading__content\">Unser Bauernhof &#8230;<\/h2>\r\n<\/div>\n\n\n\n<div class=\"wp-block-getwid-section\">\r\n<div class=\"wp-block-getwid-section__wrapper\">\r\n<div class=\"wp-block-getwid-section__inner-wrapper\">\r\n<div class=\"wp-block-getwid-section__background-holder\">\r\n<div class=\"wp-block-getwid-section__background\"><\/div><br><div class=\"wp-block-getwid-section__foreground\"><\/div><br><\/div><br><div class=\"wp-block-getwid-section__content\">\r\n<div class=\"wp-block-getwid-section__inner-content\"><\/div><br><\/div><br><\/div><br><\/div><br><\/div>\n<\/div>\n\n\n\n<div class=\"wp-block-column is-layout-flow wp-block-column-is-layout-flow\">\n<p>Unser liebevoll renovierter Bauernhof in ruhiger und sonniger Lage an der Grenze zwischen dem Elsass und den Vogesen in Sainte-Marie-Aux-Mines bietet zwei gro\u00dfe, helle Ferienwohnungen f\u00fcr G\u00e4ste, die Ruhe und Natur suchen. Insgesamt bietet er Platz f\u00fcr 14 Urlauber. Beide Ferienwohnungen verf\u00fcgen \u00fcber einen separaten Eingang und einen Au\u00dfenbereich mit Terrasse.<\/p>\n\n\n\n<p>Unseren G\u00e4sten steht ein kostenloser saisonaler Pool zur Verf\u00fcgung, sowie ein Sauna-\/Whirlpoolbereich auf der Gemeinschaftsterrasse, der optional\/gegen Aufpreis genutzt werden kann.<\/p>\n<\/div>\n<\/div>\n\n\n\n<div style=\"height:75px\" aria-hidden=\"true\" class=\"wp-block-spacer\"><\/div>\n\n\n\n<hr class=\"wp-block-separator has-css-opacity is-style-wide\"\/>\n<\/div><\/div><\/div><\/div><\/div>\n","protected":false},"excerpt":{"rendered":"<p>WILLKOMMEN Naturliebhaber und Ruhesuchende, willkommen auf unserem idyllischen Bauernhof, wo wir mit unseren Pferden auf einem 8 Hektar gro\u00dfen Privatgrundst\u00fcck in 550 m H\u00f6he leben.<\/p>\n","protected":false},"author":1,"featured_media":4625,"parent":4267,"menu_order":0,"comment_status":"closed","ping_status":"closed","template":"","meta":{"inline_featured_image":false,"footnotes":""},"_links":{"self":[{"href":"https:\/\/www.gitesvaldargent.com\/index.php\/wp-json\/wp\/v2\/pages\/1684"}],"collection":[{"href":"https:\/\/www.gitesvaldargent.com\/index.php\/wp-json\/wp\/v2\/pages"}],"about":[{"href":"https:\/\/www.gitesvaldargent.com\/index.php\/wp-json\/wp\/v2\/types\/page"}],"author":[{"embeddable":true,"href":"https:\/\/www.gitesvaldargent.com\/index.php\/wp-json\/wp\/v2\/users\/1"}],"replies":[{"embeddable":true,"href":"https:\/\/www.gitesvaldargent.com\/index.php\/wp-json\/wp\/v2\/comments?post=1684"}],"version-history":[{"count":16,"href":"https:\/\/www.gitesvaldargent.com\/index.php\/wp-json\/wp\/v2\/pages\/1684\/revisions"}],"predecessor-version":[{"id":4649,"href":"https:\/\/www.gitesvaldargent.com\/index.php\/wp-json\/wp\/v2\/pages\/1684\/revisions\/4649"}],"up":[{"embeddable":true,"href":"https:\/\/www.gitesvaldargent.com\/index.php\/wp-json\/wp\/v2\/pages\/4267"}],"wp:featuredmedia":[{"embeddable":true,"href":"https:\/\/www.gitesvaldargent.com\/index.php\/wp-json\/wp\/v2\/media\/4625"}],"wp:attachment":[{"href":"https:\/\/www.gitesvaldargent.com\/index.php\/wp-json\/wp\/v2\/media?parent=1684"}],"curies":[{"name":"wp","href":"https:\/\/api.w.org\/{rel}","templated":true}]}}